{"id":3389,"date":"2023-07-10T16:45:01","date_gmt":"2023-07-10T16:45:01","guid":{"rendered":"https:\/\/www.apolis.pt\/apolis-private-and-business-insurance-consultants-privacy-policy\/"},"modified":"2024-07-06T14:52:35","modified_gmt":"2024-07-06T14:52:35","slug":"apolis-private-and-business-insurance-consultants-privacy-policy","status":"publish","type":"page","link":"https:\/\/www.apolis.pt\/en\/apolis-private-and-business-insurance-consultants-privacy-policy\/","title":{"rendered":"Apolis \u2013 Private and Business Insurance Consultants &#8211; Privacy Policy"},"content":{"rendered":"\t\t<div data-elementor-type=\"wp-post\" data-elementor-id=\"3389\" class=\"elementor elementor-3389 elementor-432\" data-elementor-post-type=\"page\">\n\t\t\t\t<div class=\"elementor-element elementor-element-a19be84 e-con-full e-flex e-con e-parent\" data-id=\"a19be84\" data-element_type=\"container\">\n\t\t\t\t<div class=\"elementor-element elementor-element-e5dc0ba elementor-widget elementor-widget-shortcode\" data-id=\"e5dc0ba\" data-element_type=\"widget\" data-widget_type=\"shortcode.default\">\n\t\t\t\t<div class=\"elementor-widget-container\">\n\t\t\t\t\t\t\t<div class=\"elementor-shortcode\">\t\t<div data-elementor-type=\"container\" data-elementor-id=\"3399\" class=\"elementor elementor-3399 elementor-2375\" data-elementor-post-type=\"elementor_library\">\n\t\t\t\t<div class=\"elementor-element elementor-element-28b42002 e-flex e-con-boxed e-con e-parent\" data-id=\"28b42002\" data-element_type=\"container\" data-settings=\"{&quot;background_background&quot;:&quot;classic&quot;}\">\n\t\t\t\t\t<div class=\"e-con-inner\">\n\t\t<div class=\"elementor-element elementor-element-2bfdd876 e-con-full e-flex e-con e-child\" data-id=\"2bfdd876\" data-element_type=\"container\" data-settings=\"{&quot;background_background&quot;:&quot;slideshow&quot;,&quot;background_slideshow_gallery&quot;:[{&quot;id&quot;:2264,&quot;url&quot;:&quot;https:\\\/\\\/www.apolis.pt\\\/wp-content\\\/uploads\\\/2024\\\/03\\\/homeapolis.webp&quot;},{&quot;id&quot;:2301,&quot;url&quot;:&quot;https:\\\/\\\/www.apolis.pt\\\/wp-content\\\/uploads\\\/2024\\\/03\\\/saude-2.webp&quot;},{&quot;id&quot;:2188,&quot;url&quot;:&quot;https:\\\/\\\/www.apolis.pt\\\/wp-content\\\/uploads\\\/2024\\\/03\\\/multiriscos.webp&quot;},{&quot;id&quot;:2187,&quot;url&quot;:&quot;https:\\\/\\\/www.apolis.pt\\\/wp-content\\\/uploads\\\/2024\\\/03\\\/independente.webp&quot;},{&quot;id&quot;:2138,&quot;url&quot;:&quot;https:\\\/\\\/www.apolis.pt\\\/wp-content\\\/uploads\\\/2024\\\/03\\\/casa.webp&quot;},{&quot;id&quot;:2134,&quot;url&quot;:&quot;https:\\\/\\\/www.apolis.pt\\\/wp-content\\\/uploads\\\/2024\\\/03\\\/automovel.webp&quot;},{&quot;id&quot;:2155,&quot;url&quot;:&quot;https:\\\/\\\/www.apolis.pt\\\/wp-content\\\/uploads\\\/2024\\\/03\\\/familia.webp&quot;},{&quot;id&quot;:2186,&quot;url&quot;:&quot;https:\\\/\\\/www.apolis.pt\\\/wp-content\\\/uploads\\\/2024\\\/03\\\/cyber.webp&quot;}],&quot;background_slideshow_lazyload&quot;:&quot;yes&quot;,&quot;background_slideshow_loop&quot;:&quot;yes&quot;,&quot;background_slideshow_slide_duration&quot;:5000,&quot;background_slideshow_slide_transition&quot;:&quot;fade&quot;,&quot;background_slideshow_transition_duration&quot;:500}\">\n\t\t\t\t<div class=\"elementor-element elementor-element-2472aa08 elementor-widget__width-initial elementor-widget-mobile__width-initial elementor-widget elementor-widget-heading\" data-id=\"2472aa08\" data-element_type=\"widget\" data-widget_type=\"heading.default\">\n\t\t\t\t<div class=\"elementor-widget-container\">\n\t\t\t\t\t<h2 class=\"elementor-heading-title elementor-size-default\">Stay Protected<\/h2>\t\t\t\t<\/div>\n\t\t\t\t<\/div>\n\t\t\t\t<div class=\"elementor-element elementor-element-204e27ce elementor-widget__width-initial elementor-widget-mobile__width-initial elementor-widget elementor-widget-heading\" data-id=\"204e27ce\" data-element_type=\"widget\" data-widget_type=\"heading.default\">\n\t\t\t\t<div class=\"elementor-widget-container\">\n\t\t\t\t\t<h2 class=\"elementor-heading-title elementor-size-default\">Since 1997<\/h2>\t\t\t\t<\/div>\n\t\t\t\t<\/div>\n\t\t\t\t<div class=\"elementor-element elementor-element-322b49b8 elementor-hidden-mobile elementor-hidden-desktop elementor-hidden-tablet elementor-widget elementor-widget-button\" data-id=\"322b49b8\" data-element_type=\"widget\" data-widget_type=\"button.default\">\n\t\t\t\t<div class=\"elementor-widget-container\">\n\t\t\t\t\t\t\t\t\t<div class=\"elementor-button-wrapper\">\n\t\t\t\t\t<a class=\"elementor-button elementor-button-link elementor-size-sm\" href=\"https:\/\/www.apolis.pt\/en\/apolis-personal-insurance-and-legal-advisors-about-us\/\">\n\t\t\t\t\t\t<span class=\"elementor-button-content-wrapper\">\n\t\t\t\t\t\t<span class=\"elementor-button-icon\">\n\t\t\t\t<svg aria-hidden=\"true\" class=\"e-font-icon-svg e-fas-chevron-right\" viewBox=\"0 0 320 512\" xmlns=\"http:\/\/www.w3.org\/2000\/svg\"><path d=\"M285.476 272.971L91.132 467.314c-9.373 9.373-24.569 9.373-33.941 0l-22.667-22.667c-9.357-9.357-9.375-24.522-.04-33.901L188.505 256 34.484 101.255c-9.335-9.379-9.317-24.544.04-33.901l22.667-22.667c9.373-9.373 24.569-9.373 33.941 0L285.475 239.03c9.373 9.372 9.373 24.568.001 33.941z\"><\/path><\/svg>\t\t\t<\/span>\n\t\t\t\t\t\t\t\t\t<span class=\"elementor-button-text\">Learn More<\/span>\n\t\t\t\t\t<\/span>\n\t\t\t\t\t<\/a>\n\t\t\t\t<\/div>\n\t\t\t\t\t\t\t\t<\/div>\n\t\t\t\t<\/div>\n\t\t\t\t<div class=\"elementor-element elementor-element-5957e2ee elementor-widget elementor-widget-spacer\" data-id=\"5957e2ee\" data-element_type=\"widget\" data-widget_type=\"spacer.default\">\n\t\t\t\t<div class=\"elementor-widget-container\">\n\t\t\t\t\t\t\t<div class=\"elementor-spacer\">\n\t\t\t<div class=\"elementor-spacer-inner\"><\/div>\n\t\t<\/div>\n\t\t\t\t\t\t<\/div>\n\t\t\t\t<\/div>\n\t\t<div class=\"elementor-element elementor-element-7b4516f8 e-flex e-con-boxed e-con e-child\" data-id=\"7b4516f8\" data-element_type=\"container\">\n\t\t\t\t\t<div class=\"e-con-inner\">\n\t\t\t\t<div class=\"elementor-element elementor-element-1335b0bf elementor-widget elementor-widget-image\" data-id=\"1335b0bf\" data-element_type=\"widget\" data-widget_type=\"image.default\">\n\t\t\t\t<div class=\"elementor-widget-container\">\n\t\t\t\t\t\t\t\t\t\t\t\t\t\t\t\t<a href=\"https:\/\/www.apolis.pt\/seguro-saude\/\">\n\t\t\t\t\t\t\t<img decoding=\"async\" width=\"150\" height=\"150\" src=\"https:\/\/www.apolis.pt\/wp-content\/uploads\/2024\/01\/saude.webp\" class=\"attachment-full size-full wp-image-3111\" alt=\"\" \/>\t\t\t\t\t\t\t\t<\/a>\n\t\t\t\t\t\t\t\t\t\t\t\t\t\t\t<\/div>\n\t\t\t\t<\/div>\n\t\t\t\t<div class=\"elementor-element elementor-element-1af469d5 elementor-widget elementor-widget-image\" data-id=\"1af469d5\" data-element_type=\"widget\" data-widget_type=\"image.default\">\n\t\t\t\t<div class=\"elementor-widget-container\">\n\t\t\t\t\t\t\t\t\t\t\t\t\t\t\t\t<a href=\"https:\/\/www.apolis.pt\/apolis-consultores-seguros-particulares-e-de-empresas-seguro-automovel-particulares\/\">\n\t\t\t\t\t\t\t<img decoding=\"async\" width=\"150\" height=\"150\" src=\"https:\/\/www.apolis.pt\/wp-content\/uploads\/2024\/01\/automovel.webp\" class=\"attachment-full size-full wp-image-3105\" alt=\"\" \/>\t\t\t\t\t\t\t\t<\/a>\n\t\t\t\t\t\t\t\t\t\t\t\t\t\t\t<\/div>\n\t\t\t\t<\/div>\n\t\t\t\t<div class=\"elementor-element elementor-element-557986c7 elementor-widget elementor-widget-image\" data-id=\"557986c7\" data-element_type=\"widget\" data-widget_type=\"image.default\">\n\t\t\t\t<div class=\"elementor-widget-container\">\n\t\t\t\t\t\t\t\t\t\t\t\t\t\t\t\t<a href=\"https:\/\/www.apolis.pt\/apolis-consultores-seguros-particulares-e-de-empresas-seguro-acidentes-pessoais-particulares\/\">\n\t\t\t\t\t\t\t<img decoding=\"async\" width=\"150\" height=\"150\" src=\"https:\/\/www.apolis.pt\/wp-content\/uploads\/2024\/01\/acidentesempresas.webp\" class=\"attachment-full size-full wp-image-3103\" alt=\"\" \/>\t\t\t\t\t\t\t\t<\/a>\n\t\t\t\t\t\t\t\t\t\t\t\t\t\t\t<\/div>\n\t\t\t\t<\/div>\n\t\t\t\t<div class=\"elementor-element elementor-element-425ba261 elementor-widget elementor-widget-image\" data-id=\"425ba261\" data-element_type=\"widget\" data-widget_type=\"image.default\">\n\t\t\t\t<div class=\"elementor-widget-container\">\n\t\t\t\t\t\t\t\t\t\t\t\t\t\t\t\t<a href=\"https:\/\/www.apolis.pt\/apolis-consultores-seguros-particulares-e-de-empresas-seguro-animais-particulares\/\">\n\t\t\t\t\t\t\t<img loading=\"lazy\" decoding=\"async\" width=\"150\" height=\"150\" src=\"https:\/\/www.apolis.pt\/wp-content\/uploads\/2024\/01\/pets.webp\" class=\"attachment-full size-full wp-image-3109\" alt=\"\" \/>\t\t\t\t\t\t\t\t<\/a>\n\t\t\t\t\t\t\t\t\t\t\t\t\t\t\t<\/div>\n\t\t\t\t<\/div>\n\t\t\t\t<div class=\"elementor-element elementor-element-728ca9e9 elementor-widget elementor-widget-image\" data-id=\"728ca9e9\" data-element_type=\"widget\" data-widget_type=\"image.default\">\n\t\t\t\t<div class=\"elementor-widget-container\">\n\t\t\t\t\t\t\t\t\t\t\t\t\t\t\t\t<a href=\"https:\/\/www.apolis.pt\/apolis-consultores-seguros-particulares-e-de-empresas-seguro-acidentes-pessoais-particulares\/\">\n\t\t\t\t\t\t\t<img loading=\"lazy\" decoding=\"async\" width=\"150\" height=\"150\" src=\"https:\/\/www.apolis.pt\/wp-content\/uploads\/2024\/03\/familia-1.webp\" class=\"attachment-full size-full wp-image-3193\" alt=\"\" \/>\t\t\t\t\t\t\t\t<\/a>\n\t\t\t\t\t\t\t\t\t\t\t\t\t\t\t<\/div>\n\t\t\t\t<\/div>\n\t\t\t\t<div class=\"elementor-element elementor-element-360b7b07 elementor-widget elementor-widget-image\" data-id=\"360b7b07\" data-element_type=\"widget\" data-widget_type=\"image.default\">\n\t\t\t\t<div class=\"elementor-widget-container\">\n\t\t\t\t\t\t\t\t\t\t\t\t\t\t\t\t<a href=\"https:\/\/www.apolis.pt\/apolis-consultores-seguros-particulares-e-de-empresas-seguro-habitacao-particulares\/\">\n\t\t\t\t\t\t\t<img loading=\"lazy\" decoding=\"async\" width=\"150\" height=\"150\" src=\"https:\/\/www.apolis.pt\/wp-content\/uploads\/2024\/03\/casa_icon.webp\" class=\"attachment-full size-full wp-image-3189\" alt=\"\u00cdcone Seguro Casa\" \/>\t\t\t\t\t\t\t\t<\/a>\n\t\t\t\t\t\t\t\t\t\t\t\t\t\t\t<\/div>\n\t\t\t\t<\/div>\n\t\t\t\t\t<\/div>\n\t\t\t\t<\/div>\n\t\t\t\t<\/div>\n\t\t\t\t\t<\/div>\n\t\t\t\t<\/div>\n\t\t\t\t<\/div>\n\t\t<\/div>\n\t\t\t\t\t\t<\/div>\n\t\t\t\t<\/div>\n\t\t\t\t<\/div>\n\t\t<div class=\"elementor-element elementor-element-019e399 e-flex e-con-boxed e-con e-parent\" data-id=\"019e399\" data-element_type=\"container\">\n\t\t\t\t\t<div class=\"e-con-inner\">\n\t\t\t\t<div class=\"elementor-element elementor-element-dfe4da0 elementor-widget elementor-widget-heading\" data-id=\"dfe4da0\" data-element_type=\"widget\" data-widget_type=\"heading.default\">\n\t\t\t\t<div class=\"elementor-widget-container\">\n\t\t\t\t\t<h2 class=\"elementor-heading-title elementor-size-default\">Privacy Policy<\/h2>\t\t\t\t<\/div>\n\t\t\t\t<\/div>\n\t\t\t\t<div class=\"elementor-element elementor-element-5ec51f5 elementor-widget elementor-widget-text-editor\" data-id=\"5ec51f5\" data-element_type=\"widget\" data-widget_type=\"text-editor.default\">\n\t\t\t\t<div class=\"elementor-widget-container\">\n\t\t\t\t\t\t\t\t\t<p><strong>GDPR \u2013 Privacy Policy<\/strong><\/p>\n<p>Your privacy is important to us.<br \/>We respect your privacy and are committed to protecting it.<br \/>We are aware of the concerns you may have about the confidentiality of the information and personal data you provide us.<br \/>This document presents the privacy policy of our website.<\/p>\n<p>This policy allows you to obtain additional information about the nature and use we make of the personal data you provide us and about your rights.<\/p>\n<p>By submitting your data, you are accepting our privacy policy.<\/p>\n<p>In compliance with Law No. 67\/98 of October 26 on the Protection of Personal Data, we inform you that the processing of personal data collected on the website is our responsibility.<\/p>\n<p><strong>1. Identity and contacts of the data controller.<\/strong><br \/>The data collected on this site is processed by us.<br \/>The information collected on our website is managed and controlled exclusively by us.<br \/>We offer sufficient guarantees regarding the protection of your personal information, being managed in accordance with current legislation on the protection of personal information, as well as this privacy policy.<\/p>\n<p><strong>2. Legal basis for data processing<\/strong><br \/>Through this site, we may collect personal data transmitted through the contact form with your consent.<\/p>\n<p><strong>3. Purposes<\/strong><br \/>Your data is collected for the purpose of:<br \/>\u2013 Responding to your questions through the contact form;<br \/>\u2013 Sending you information about our product and service offers, news, and events (newsletters).<\/p>\n<p><strong>4. Data retention period<\/strong><br \/>The data collected and processed through the contact form will be kept only during the processing of your request, after which your data will be destroyed.<\/p>\n<p><strong>5. Data recipients<\/strong><br \/>The personal information provided is for our company to contact you and provide all the information you requested through our contact form.<br \/>Your personal data will never be disclosed to third parties, except in special cases, such as:<br \/>\u2013 To meet requirements imposed by law or competent governmental or judicial authorities.<\/p>\n<p><strong>6. Data security and confidentiality<\/strong><br \/>We are committed to implementing all necessary precautions to preserve the confidentiality and security of your personal data.<\/p>\n<p><strong>7. Your rights and how you can access, rectify or oppose the processing of your personal data.<\/strong><br \/>Under the personal data protection law, the data subject is guaranteed the right to access, update, rectify, or delete their personal data, which can be done through the various contacts we provide.<br \/>For any questions about the collection and processing of your data, you can contact us by email or through our telephone contact.<\/p>\n<p><strong>8. Data usage<\/strong><br \/>The personal information provided is for our company to contact you and provide all the information you requested through our contact form.<br \/>We are committed not to transfer or sell your personal data to third parties.<br \/>Only if we are required by law or judicial decision will we disclose your personal data.<\/p>\n<p><strong>9. How we use \u201ccookies\u201d<\/strong><br \/>\u201cCookies\u201d are stored on your computer through the browser, retaining only information related to your preferences, not including, as such, your personal data.<br \/>Below you can find more information about the various cookies we use and the purpose of each:<br \/>\u2013 Strictly necessary cookies: Allow you to navigate the website and use its applications. Without these cookies, the services you have requested cannot be provided.<br \/>\u2013 Analytical cookies: Used anonymously for the purpose of creating and analyzing statistics, with the aim of improving the functioning of the website.<br \/>\u2013 Functionality cookies: Save the user&#8217;s preferences regarding the use of the site, so that it is not necessary to reconfigure the site each time you visit it.<\/p>\n<p><strong>10. Contacts<\/strong><br \/>If you need more information, contact us through the following email: geral@apolis.pt<\/p>\n\t\t\t\t\t\t\t\t<\/div>\n\t\t\t\t<\/div>\n\t\t\t\t\t<\/div>\n\t\t\t\t<\/div>\n\t\t\t\t<\/div>\n\t\t","protected":false},"excerpt":{"rendered":"<p>Privacy Policy GDPR \u2013 Privacy Policy Your privacy is important to us.We respect your privacy and are committed to protecting it.We are aware of the concerns you may have about the confidentiality of the information and personal data you provide us.This document presents the privacy policy of our website. This policy allows you to obtain [&hellip;]<\/p>\n","protected":false},"author":1,"featured_media":0,"parent":0,"menu_order":0,"comment_status":"closed","ping_status":"closed","template":"elementor_header_footer","meta":{"_mo_disable_npp":"","footnotes":""},"class_list":["post-3389","page","type-page","status-publish","hentry"],"yoast_head":"<!-- This site is optimized with the Yoast SEO Premium plugin v25.3.1 (Yoast SEO v26.8) - https:\/\/yoast.com\/product\/yoast-seo-premium-wordpress\/ -->\n<title>Apolis \u2013 Private and Business Insurance Consultants - Privacy Policy - Apolis<\/title>\n<meta name=\"robots\" content=\"index, follow, max-snippet:-1, max-image-preview:large, max-video-preview:-1\" \/>\n<link rel=\"canonical\" href=\"https:\/\/www.apolis.pt\/en\/apolis-private-and-business-insurance-consultants-privacy-policy\/\" \/>\n<meta property=\"og:locale\" content=\"en_US\" \/>\n<meta property=\"og:type\" content=\"article\" \/>\n<meta property=\"og:title\" content=\"Apolis \u2013 Private and Business Insurance Consultants - Privacy Policy\" \/>\n<meta property=\"og:description\" content=\"Privacy Policy GDPR \u2013 Privacy Policy Your privacy is important to us.We respect your privacy and are committed to protecting it.We are aware of the concerns you may have about the confidentiality of the information and personal data you provide us.This document presents the privacy policy of our website. This policy allows you to obtain [&hellip;]\" \/>\n<meta property=\"og:url\" content=\"https:\/\/www.apolis.pt\/en\/apolis-private-and-business-insurance-consultants-privacy-policy\/\" \/>\n<meta property=\"og:site_name\" content=\"Apolis\" \/>\n<meta property=\"article:publisher\" content=\"https:\/\/www.facebook.com\/Apolisseguros\/\" \/>\n<meta property=\"article:modified_time\" content=\"2024-07-06T14:52:35+00:00\" \/>\n<meta property=\"og:image\" content=\"https:\/\/www.apolis.pt\/wp-content\/uploads\/2023\/06\/apolis_logo.webp\" \/>\n\t<meta property=\"og:image:width\" content=\"591\" \/>\n\t<meta property=\"og:image:height\" content=\"210\" \/>\n\t<meta property=\"og:image:type\" content=\"image\/webp\" \/>\n<meta name=\"twitter:card\" content=\"summary_large_image\" \/>\n<meta name=\"twitter:label1\" content=\"Est. reading time\" \/>\n\t<meta name=\"twitter:data1\" content=\"3 minutes\" \/>\n<script type=\"application\/ld+json\" class=\"yoast-schema-graph\">{\"@context\":\"https:\/\/schema.org\",\"@graph\":[{\"@type\":\"WebPage\",\"@id\":\"https:\/\/www.apolis.pt\/en\/apolis-private-and-business-insurance-consultants-privacy-policy\/\",\"url\":\"https:\/\/www.apolis.pt\/en\/apolis-private-and-business-insurance-consultants-privacy-policy\/\",\"name\":\"Apolis \u2013 Private and Business Insurance Consultants - Privacy Policy - Apolis\",\"isPartOf\":{\"@id\":\"https:\/\/www.apolis.pt\/en\/#website\"},\"datePublished\":\"2023-07-10T16:45:01+00:00\",\"dateModified\":\"2024-07-06T14:52:35+00:00\",\"breadcrumb\":{\"@id\":\"https:\/\/www.apolis.pt\/en\/apolis-private-and-business-insurance-consultants-privacy-policy\/#breadcrumb\"},\"inLanguage\":\"en-US\",\"potentialAction\":[{\"@type\":\"ReadAction\",\"target\":[\"https:\/\/www.apolis.pt\/en\/apolis-private-and-business-insurance-consultants-privacy-policy\/\"]}]},{\"@type\":\"BreadcrumbList\",\"@id\":\"https:\/\/www.apolis.pt\/en\/apolis-private-and-business-insurance-consultants-privacy-policy\/#breadcrumb\",\"itemListElement\":[{\"@type\":\"ListItem\",\"position\":1,\"name\":\"In\u00edcio\",\"item\":\"https:\/\/www.apolis.pt\/en\/apolis-consultores-seguros-particulares-e-de-empresas\/\"},{\"@type\":\"ListItem\",\"position\":2,\"name\":\"Apolis \u2013 Private and Business Insurance Consultants &#8211; Privacy Policy\"}]},{\"@type\":\"WebSite\",\"@id\":\"https:\/\/www.apolis.pt\/en\/#website\",\"url\":\"https:\/\/www.apolis.pt\/en\/\",\"name\":\"Apolis - Consultores Seguros Particulares e de Empresas\",\"description\":\"A Apolis \u00e9 uma empresa especializada no aconselhamento e gest\u00e3o do risco de pessoas e bens, atrav\u00e9s da media\u00e7\u00e3o de seguros\",\"publisher\":{\"@id\":\"https:\/\/www.apolis.pt\/en\/#organization\"},\"alternateName\":\"Apolis - Consultores de Seguros\",\"potentialAction\":[{\"@type\":\"SearchAction\",\"target\":{\"@type\":\"EntryPoint\",\"urlTemplate\":\"https:\/\/www.apolis.pt\/en\/?s={search_term_string}\"},\"query-input\":{\"@type\":\"PropertyValueSpecification\",\"valueRequired\":true,\"valueName\":\"search_term_string\"}}],\"inLanguage\":\"en-US\"},{\"@type\":\"Organization\",\"@id\":\"https:\/\/www.apolis.pt\/en\/#organization\",\"name\":\"Apolis - Consultores Seguros Particulares e de Empresas\",\"url\":\"https:\/\/www.apolis.pt\/en\/\",\"logo\":{\"@type\":\"ImageObject\",\"inLanguage\":\"en-US\",\"@id\":\"https:\/\/www.apolis.pt\/en\/#\/schema\/logo\/image\/\",\"url\":\"https:\/\/www.apolis.pt\/wp-content\/uploads\/2024\/03\/apolis_logo.png\",\"contentUrl\":\"https:\/\/www.apolis.pt\/wp-content\/uploads\/2024\/03\/apolis_logo.png\",\"width\":250,\"height\":89,\"caption\":\"Apolis - Consultores Seguros Particulares e de Empresas\"},\"image\":{\"@id\":\"https:\/\/www.apolis.pt\/en\/#\/schema\/logo\/image\/\"},\"sameAs\":[\"https:\/\/www.facebook.com\/Apolisseguros\/\",\"https:\/\/www.instagram.com\/apolis.seguros\/\",\"https:\/\/www.linkedin.com\/company\/apolis-consultores-seguros\/\"]}]}<\/script>\n<!-- \/ Yoast SEO Premium plugin. -->","yoast_head_json":{"title":"Apolis \u2013 Private and Business Insurance Consultants - Privacy Policy - Apolis","robots":{"index":"index","follow":"follow","max-snippet":"max-snippet:-1","max-image-preview":"max-image-preview:large","max-video-preview":"max-video-preview:-1"},"canonical":"https:\/\/www.apolis.pt\/en\/apolis-private-and-business-insurance-consultants-privacy-policy\/","og_locale":"en_US","og_type":"article","og_title":"Apolis \u2013 Private and Business Insurance Consultants - Privacy Policy","og_description":"Privacy Policy GDPR \u2013 Privacy Policy Your privacy is important to us.We respect your privacy and are committed to protecting it.We are aware of the concerns you may have about the confidentiality of the information and personal data you provide us.This document presents the privacy policy of our website. This policy allows you to obtain [&hellip;]","og_url":"https:\/\/www.apolis.pt\/en\/apolis-private-and-business-insurance-consultants-privacy-policy\/","og_site_name":"Apolis","article_publisher":"https:\/\/www.facebook.com\/Apolisseguros\/","article_modified_time":"2024-07-06T14:52:35+00:00","og_image":[{"width":591,"height":210,"url":"https:\/\/www.apolis.pt\/wp-content\/uploads\/2023\/06\/apolis_logo.webp","type":"image\/webp"}],"twitter_card":"summary_large_image","twitter_misc":{"Est. reading time":"3 minutes"},"schema":{"@context":"https:\/\/schema.org","@graph":[{"@type":"WebPage","@id":"https:\/\/www.apolis.pt\/en\/apolis-private-and-business-insurance-consultants-privacy-policy\/","url":"https:\/\/www.apolis.pt\/en\/apolis-private-and-business-insurance-consultants-privacy-policy\/","name":"Apolis \u2013 Private and Business Insurance Consultants - Privacy Policy - Apolis","isPartOf":{"@id":"https:\/\/www.apolis.pt\/en\/#website"},"datePublished":"2023-07-10T16:45:01+00:00","dateModified":"2024-07-06T14:52:35+00:00","breadcrumb":{"@id":"https:\/\/www.apolis.pt\/en\/apolis-private-and-business-insurance-consultants-privacy-policy\/#breadcrumb"},"inLanguage":"en-US","potentialAction":[{"@type":"ReadAction","target":["https:\/\/www.apolis.pt\/en\/apolis-private-and-business-insurance-consultants-privacy-policy\/"]}]},{"@type":"BreadcrumbList","@id":"https:\/\/www.apolis.pt\/en\/apolis-private-and-business-insurance-consultants-privacy-policy\/#breadcrumb","itemListElement":[{"@type":"ListItem","position":1,"name":"In\u00edcio","item":"https:\/\/www.apolis.pt\/en\/apolis-consultores-seguros-particulares-e-de-empresas\/"},{"@type":"ListItem","position":2,"name":"Apolis \u2013 Private and Business Insurance Consultants &#8211; Privacy Policy"}]},{"@type":"WebSite","@id":"https:\/\/www.apolis.pt\/en\/#website","url":"https:\/\/www.apolis.pt\/en\/","name":"Apolis - Consultores Seguros Particulares e de Empresas","description":"A Apolis \u00e9 uma empresa especializada no aconselhamento e gest\u00e3o do risco de pessoas e bens, atrav\u00e9s da media\u00e7\u00e3o de seguros","publisher":{"@id":"https:\/\/www.apolis.pt\/en\/#organization"},"alternateName":"Apolis - Consultores de Seguros","potentialAction":[{"@type":"SearchAction","target":{"@type":"EntryPoint","urlTemplate":"https:\/\/www.apolis.pt\/en\/?s={search_term_string}"},"query-input":{"@type":"PropertyValueSpecification","valueRequired":true,"valueName":"search_term_string"}}],"inLanguage":"en-US"},{"@type":"Organization","@id":"https:\/\/www.apolis.pt\/en\/#organization","name":"Apolis - Consultores Seguros Particulares e de Empresas","url":"https:\/\/www.apolis.pt\/en\/","logo":{"@type":"ImageObject","inLanguage":"en-US","@id":"https:\/\/www.apolis.pt\/en\/#\/schema\/logo\/image\/","url":"https:\/\/www.apolis.pt\/wp-content\/uploads\/2024\/03\/apolis_logo.png","contentUrl":"https:\/\/www.apolis.pt\/wp-content\/uploads\/2024\/03\/apolis_logo.png","width":250,"height":89,"caption":"Apolis - Consultores Seguros Particulares e de Empresas"},"image":{"@id":"https:\/\/www.apolis.pt\/en\/#\/schema\/logo\/image\/"},"sameAs":["https:\/\/www.facebook.com\/Apolisseguros\/","https:\/\/www.instagram.com\/apolis.seguros\/","https:\/\/www.linkedin.com\/company\/apolis-consultores-seguros\/"]}]}},"_links":{"self":[{"href":"https:\/\/www.apolis.pt\/en\/wp-json\/wp\/v2\/pages\/3389","targetHints":{"allow":["GET"]}}],"collection":[{"href":"https:\/\/www.apolis.pt\/en\/wp-json\/wp\/v2\/pages"}],"about":[{"href":"https:\/\/www.apolis.pt\/en\/wp-json\/wp\/v2\/types\/page"}],"author":[{"embeddable":true,"href":"https:\/\/www.apolis.pt\/en\/wp-json\/wp\/v2\/users\/1"}],"replies":[{"embeddable":true,"href":"https:\/\/www.apolis.pt\/en\/wp-json\/wp\/v2\/comments?post=3389"}],"version-history":[{"count":0,"href":"https:\/\/www.apolis.pt\/en\/wp-json\/wp\/v2\/pages\/3389\/revisions"}],"wp:attachment":[{"href":"https:\/\/www.apolis.pt\/en\/wp-json\/wp\/v2\/media?parent=3389"}],"curies":[{"name":"wp","href":"https:\/\/api.w.org\/{rel}","templated":true}]}}